{"id":40,"date":"2021-03-05T17:19:26","date_gmt":"2021-03-05T16:19:26","guid":{"rendered":"https:\/\/handcrafts.dk\/?page_id=40"},"modified":"2023-10-26T16:35:26","modified_gmt":"2023-10-26T16:35:26","slug":"home-2","status":"publish","type":"page","link":"https:\/\/www.handcrafts.dk\/","title":{"rendered":"Tr\u00e6nger dit hus og have til en handyman?"},"content":{"rendered":"\n<p class=\"has-text-color\" style=\"color:#2a6719\">Ekspertise indenfor h\u00e5ndv\u00e6rk, gartneri og anl\u00e6g. Vi kommer gerne med et bud p\u00e5 din opgave.<\/p>\n\n\n\n<div class=\"wp-block-cover alignfull is-light is-style-default\" style=\"min-height:860px;aspect-ratio:unset;\"><span aria-hidden=\"true\" class=\"wp-block-cover__background has-background-dim-30 has-background-dim\" style=\"background-color:#333333\"><\/span><img decoding=\"async\" class=\"wp-block-cover__image-background wp-image-103\" alt=\"\" src=\"https:\/\/handcrafts955206647.files.wordpress.com\/2021\/03\/img_6560-preview.jpg\" style=\"object-position:50% 50%\" data-object-fit=\"cover\" data-object-position=\"50% 50%\"\/><div class=\"wp-block-cover__inner-container is-layout-flow wp-block-cover-is-layout-flow\">\n<p><\/p>\n\n\n\n<div style=\"height:128px\" aria-hidden=\"true\" class=\"wp-block-spacer\"><\/div>\n\n\n\n<p><\/p>\n\n\n\n<div style=\"height:128px\" aria-hidden=\"true\" class=\"wp-block-spacer\"><\/div>\n\n\n\n<div class=\"wp-block-buttons is-horizontal is-content-justification-center is-layout-flex wp-container-core-buttons-is-layout-499968f5 wp-block-buttons-is-layout-flex\">\n<div class=\"wp-block-button is-style-outline is-style-outline--1\"><a class=\"wp-block-button__link has-text-color has-background no-border-radius wp-element-button\" href=\"#kontakt\" style=\"color:#2a6719;background-color:#e5e5e5\">Kontakt<\/a><\/div>\n<\/div>\n\n\n\n<p><\/p>\n<\/div><\/div>\n\n\n\n<figure class=\"wp-block-gallery has-nested-images columns-default is-cropped wp-block-gallery-2 is-layout-flex wp-block-gallery-is-layout-flex\">\n<figure class=\"wp-block-image size-large\"><img loading=\"lazy\" decoding=\"async\" width=\"1010\" height=\"756\" data-id=\"451\" src=\"https:\/\/www.handcrafts.dk\/wp-content\/uploads\/2023\/06\/Billede-1-1.png\" alt=\"\" class=\"wp-image-451\" srcset=\"https:\/\/www.handcrafts.dk\/wp-content\/uploads\/2023\/06\/Billede-1-1.png 1010w, https:\/\/www.handcrafts.dk\/wp-content\/uploads\/2023\/06\/Billede-1-1-300x225.png 300w, https:\/\/www.handcrafts.dk\/wp-content\/uploads\/2023\/06\/Billede-1-1-768x575.png 768w, https:\/\/www.handcrafts.dk\/wp-content\/uploads\/2023\/06\/Billede-1-1-850x636.png 850w\" sizes=\"auto, (max-width: 1010px) 100vw, 1010px\" \/><\/figure>\n\n\n\n<figure class=\"wp-block-image size-large\"><img loading=\"lazy\" decoding=\"async\" width=\"646\" height=\"860\" data-id=\"452\" src=\"https:\/\/www.handcrafts.dk\/wp-content\/uploads\/2023\/06\/Billede-2.png\" alt=\"\" class=\"wp-image-452\" srcset=\"https:\/\/www.handcrafts.dk\/wp-content\/uploads\/2023\/06\/Billede-2.png 646w, https:\/\/www.handcrafts.dk\/wp-content\/uploads\/2023\/06\/Billede-2-225x300.png 225w, https:\/\/www.handcrafts.dk\/wp-content\/uploads\/2023\/06\/Billede-2-300x399.png 300w\" sizes=\"auto, (max-width: 646px) 100vw, 646px\" \/><\/figure>\n\n\n\n<figure class=\"wp-block-image size-large\"><img loading=\"lazy\" decoding=\"async\" width=\"960\" height=\"720\" data-id=\"453\" src=\"https:\/\/www.handcrafts.dk\/wp-content\/uploads\/2023\/06\/Billede-3.jpg\" alt=\"\" class=\"wp-image-453\" srcset=\"https:\/\/www.handcrafts.dk\/wp-content\/uploads\/2023\/06\/Billede-3.jpg 960w, https:\/\/www.handcrafts.dk\/wp-content\/uploads\/2023\/06\/Billede-3-300x225.jpg 300w, https:\/\/www.handcrafts.dk\/wp-content\/uploads\/2023\/06\/Billede-3-768x576.jpg 768w, https:\/\/www.handcrafts.dk\/wp-content\/uploads\/2023\/06\/Billede-3-850x638.jpg 850w\" sizes=\"auto, (max-width: 960px) 100vw, 960px\" \/><\/figure>\n<\/figure>\n\n\n\n<p class=\"has-text-align-center has-text-color has-large-font-size\" id=\"Projekter\" style=\"color:#2a6719\">KABELNEDL\u00c6GNING TILBYDES  <\/p>\n\n\n\n<p>Handcrafts kan nu tilbyde kabelnedl\u00e6gning til din robot pl\u00e6neklipper, samt fejlfinding p\u00e5 eksisterende kabel. Ring og f\u00e5 et tilbud <\/p>\n\n\n\n<p class=\"has-text-align-center has-text-color has-large-font-size\" id=\"Projekter\" style=\"color:#2a6719\">PROJEKTER<\/p>\n\n\n\n<div class=\"wp-block-columns is-layout-flex wp-container-core-columns-is-layout-9d6595d7 wp-block-columns-is-layout-flex\">\n<div class=\"wp-block-column is-layout-flow wp-block-column-is-layout-flow\" style=\"flex-basis:50%\">\n<p class=\"has-text-align-center has-text-color\" style=\"color:#2a6719\">F\u00c6LDNING AF TR\u00c6ER<\/p>\n\n\n\n<figure class=\"wp-block-image size-large is-style-default\"><a href=\"https:\/\/handcrafts.dk\/faeldning-af-traeer\/\"><img decoding=\"async\" src=\"https:\/\/handcrafts955206647.files.wordpress.com\/2021\/03\/img_6560-preview-edited-1.jpg\" alt=\"\" class=\"wp-image-189\"\/><\/a><\/figure>\n\n\n\n<p><\/p>\n\n\n\n<p class=\"has-text-align-center has-text-color\" style=\"color:#2a6719\">ANL\u00c6GGELSE AF INDK\u00d8RSEL<\/p>\n\n\n\n<figure class=\"wp-block-image size-large is-style-default\"><a href=\"https:\/\/handcrafts.dk\/anlaeggelse-af-indkorsel\/\"><img decoding=\"async\" src=\"https:\/\/handcrafts955206647.files.wordpress.com\/2021\/03\/22-e1615995270968.jpg?w=1024\" alt=\"\" class=\"wp-image-176\"\/><\/a><\/figure>\n<\/div>\n\n\n\n<div class=\"wp-block-column is-layout-flow wp-block-column-is-layout-flow\" style=\"flex-basis:50%\">\n<p class=\"has-text-align-center has-text-color\" style=\"color:#2a6719\">PLANTNING AF B\u00d8GEH\u00c6K<\/p>\n\n\n\n<figure class=\"wp-block-image\"><a href=\"https:\/\/handcrafts.dk\/plantning-af-boegehaek\/\"><img decoding=\"async\" src=\"https:\/\/handcrafts955206647.files.wordpress.com\/2021\/03\/12-e1615981773643-edited-1.jpg\" alt=\"\" class=\"wp-image-190\"\/><\/a><\/figure>\n\n\n\n<p><\/p>\n\n\n\n<p class=\"has-text-align-center has-text-color\" style=\"color:#2a6719\">FORH\u00d8JELSE AF UDESTUE<\/p>\n\n\n\n<figure class=\"wp-block-image size-large is-style-default\"><a href=\"https:\/\/handcrafts.dk\/forhojning-af-udestue\/\"><img decoding=\"async\" src=\"https:\/\/handcrafts955206647.files.wordpress.com\/2021\/03\/19-e1615992716808.jpg?w=1024\" alt=\"\" class=\"wp-image-173\"\/><\/a><\/figure>\n<\/div>\n<\/div>\n\n\n\n\n\n<p class=\"has-text-align-center has-text-color has-large-font-size\" id=\"om-handcrafts\" style=\"color:#2a6719\">OM HANDCRAFTS<\/p>\n\n\n\n<div class=\"wp-block-columns is-layout-flex wp-container-core-columns-is-layout-9d6595d7 wp-block-columns-is-layout-flex\">\n<div class=\"wp-block-column is-layout-flow wp-block-column-is-layout-flow\">\n<div style=\"height:100px\" aria-hidden=\"true\" class=\"wp-block-spacer\"><\/div>\n<\/div>\n\n\n\n<div class=\"wp-block-column is-vertically-aligned-top is-layout-flow wp-block-column-is-layout-flow\" style=\"flex-basis:70%\">\n<p>Handcrafts er et firma i Skanderborg kommune, der har h\u00e5ndv\u00e6rksm\u00e6ssig ekspertise indenfor vedligeholdelse af hus og have, samt mange \u00e5rs erfaring med skov- og anl\u00e6gsarbejde. S\u00e5 hvad end du s\u00f8ger en t\u00f8mrer, gartner, murer eller noget helt andet, s\u00e5 t\u00f8v ikke med at kontakte os.<\/p>\n\n\n\n<p>Handcrafts tager gerne store som sm\u00e5 opgaver og kommer gerne med et tilbud p\u00e5 den ting, du \u00f8nsker udf\u00f8rt.\u00a0<\/p>\n\n\n\n<p>Skriv endelig p\u00e5 Pkf@handcrafts.dk<\/p>\n\n\n\n<p class=\"has-text-align-justify\"> &nbsp;<\/p>\n<\/div>\n\n\n\n<div class=\"wp-block-column is-layout-flow wp-block-column-is-layout-flow\">\n<div style=\"height:100px\" aria-hidden=\"true\" class=\"wp-block-spacer\"><\/div>\n<\/div>\n<\/div>\n\n\n\n<p class=\"has-text-align-center has-text-color has-medium-font-size\" style=\"color:#2a6719\">Eksempler p\u00e5 tidligere opgaver: <br><\/p>\n\n\n\n<div class=\"wp-block-columns is-layout-flex wp-container-core-columns-is-layout-9d6595d7 wp-block-columns-is-layout-flex\">\n<div class=\"wp-block-column is-layout-flow wp-block-column-is-layout-flow\" style=\"flex-basis:12%\">\n<p><\/p>\n<\/div>\n\n\n\n<div class=\"wp-block-column is-layout-flow wp-block-column-is-layout-flow\" style=\"flex-basis:30%\">\n<p class=\"has-text-align-justify\">H\u00e6kkeklipning<br>Tr\u00e6f\u00e6ldning<br>Alt udvendigt arbejde p\u00e5 hus og have<br>Maler inde, s\u00e5vel som ude,<br>Udskiftning af vinduer og d\u00f8re<br> <\/p>\n<\/div>\n\n\n\n<div class=\"wp-block-column is-layout-flow wp-block-column-is-layout-flow\">\n<p class=\"has-text-align-left\"><\/p>\n<\/div>\n\n\n\n<div class=\"wp-block-column is-layout-flow wp-block-column-is-layout-flow\" style=\"flex-basis:30%\">\n<p class=\"has-text-align-justify\">Bygning af annekser og udhuse.<br>Stubfr\u00e6sning<br>Ops\u00e6tning af hegn<br>Mindre murearbejde.<br>Terrasser b\u00e5de tr\u00e6 og sten laves efter \u00f8nske  <\/p>\n<\/div>\n\n\n\n<div class=\"wp-block-column is-layout-flow wp-block-column-is-layout-flow\" style=\"flex-basis:11%\">\n<p><\/p>\n<\/div>\n<\/div>\n\n\n\n<p class=\"has-text-align-justify\"><\/p>\n\n\n\n<p><\/p>\n\n\n\n<div class=\"wp-block-cover alignfull is-light\" style=\"min-height:100vh;aspect-ratio:unset;\"><span aria-hidden=\"true\" class=\"wp-block-cover__background has-background-dim\"><\/span><img decoding=\"async\" class=\"wp-block-cover__image-background wp-image-172\" alt=\"\" src=\"https:\/\/handcrafts955206647.files.wordpress.com\/2021\/03\/18-e1615998197439.jpg\" data-object-fit=\"cover\"\/><div class=\"wp-block-cover__inner-container is-layout-flow wp-block-cover-is-layout-flow\">\n<p class=\"has-text-align-center has-large-font-size\"><\/p>\n<\/div><\/div>\n\n\n\n<p class=\"has-text-align-center has-text-color has-large-font-size\" id=\"kontakt\" style=\"color:#2a6719\">KONTAKT<\/p>\n\n\n\n<div style=\"height:16px\" aria-hidden=\"true\" class=\"wp-block-spacer\"><\/div>\n\n\n\n<div class=\"wp-block-columns is-layout-flex wp-container-core-columns-is-layout-9d6595d7 wp-block-columns-is-layout-flex\">\n<div class=\"wp-block-column is-layout-flow wp-block-column-is-layout-flow\" style=\"flex-basis:17%\">\n<p><\/p>\n<\/div>\n\n\n\n<div class=\"wp-block-column is-layout-flow wp-block-column-is-layout-flow\">\n<div class=\"wp-block-jetpack-contact-info\">\n<div class=\"wp-block-jetpack-email\"><a href=\"mailto:pkf@handcrafts.dk\">pkf@handcrafts.dk<\/a><\/div>\n<div class=\"wp-block-jetpack-phone\"><a href=\"tel:+4593803820\">+45 9380 3820<\/a><\/div>\n<div class=\"wp-block-jetpack-address\"><a href=\"https:\/\/www.google.com\/maps\/search\/Borgergade+13\n,+Skanderborg,+8660+Danmark\" target=\"_blank\" rel=\"noopener noreferrer\" title=\"Open address in Google Maps\"><div class=\"jetpack-address__address jetpack-address__address2\">Borgergade 13\n<\/div><div><span class=\"jetpack-address__city\">Skanderborg<\/span>, <span class=\"jetpack-address__region\"><\/span> <span class=\"jetpack-address__postal\">8660<\/span><\/div><div class=\"jetpack-address__country\">Danmark<\/div><\/a><\/div>\n<\/div>\n\n\n\n<p class=\"has-text-align-left\"><\/p>\n<\/div>\n\n\n\n<div class=\"wp-block-column is-layout-flow wp-block-column-is-layout-flow\"><\/div>\n<\/div>\n\n\n\n<p><\/p>\n\n\n\n<p><\/p>\n","protected":false},"excerpt":{"rendered":"<p>Ekspertise indenfor h\u00e5ndv\u00e6rk, gartneri og anl\u00e6g. Vi kommer gerne med et bud p\u00e5 din opgave. KABELNEDL\u00c6GNING TILBYDES Handcrafts kan nu tilbyde kabelnedl\u00e6gning til din robot pl\u00e6neklipper, samt fejlfinding p\u00e5 eksisterende kabel. Ring og f\u00e5 et tilbud PROJEKTER F\u00c6LDNING AF TR\u00c6ER ANL\u00c6GGELSE AF INDK\u00d8RSEL PLANTNING AF B\u00d8GEH\u00c6K FORH\u00d8JELSE AF UDESTUE OM HANDCRAFTS Handcrafts er et firma&#8230;<\/p>\n","protected":false},"author":1,"featured_media":0,"parent":0,"menu_order":0,"comment_status":"closed","ping_status":"closed","template":"page-templates\/fullwidth-page.php","meta":{"footnotes":""},"class_list":["post-40","page","type-page","status-publish","hentry"],"_links":{"self":[{"href":"https:\/\/www.handcrafts.dk\/index.php?rest_route=\/wp\/v2\/pages\/40","targetHints":{"allow":["GET"]}}],"collection":[{"href":"https:\/\/www.handcrafts.dk\/index.php?rest_route=\/wp\/v2\/pages"}],"about":[{"href":"https:\/\/www.handcrafts.dk\/index.php?rest_route=\/wp\/v2\/types\/page"}],"author":[{"embeddable":true,"href":"https:\/\/www.handcrafts.dk\/index.php?rest_route=\/wp\/v2\/users\/1"}],"replies":[{"embeddable":true,"href":"https:\/\/www.handcrafts.dk\/index.php?rest_route=%2Fwp%2Fv2%2Fcomments&post=40"}],"version-history":[{"count":6,"href":"https:\/\/www.handcrafts.dk\/index.php?rest_route=\/wp\/v2\/pages\/40\/revisions"}],"predecessor-version":[{"id":461,"href":"https:\/\/www.handcrafts.dk\/index.php?rest_route=\/wp\/v2\/pages\/40\/revisions\/461"}],"wp:attachment":[{"href":"https:\/\/www.handcrafts.dk\/index.php?rest_route=%2Fwp%2Fv2%2Fmedia&parent=40"}],"curies":[{"name":"wp","href":"https:\/\/api.w.org\/{rel}","templated":true}]}}